{"id":115,"date":"2026-02-17T17:44:43","date_gmt":"2026-02-17T17:44:43","guid":{"rendered":"https:\/\/iesppdelvallezanaoyotun.edu.pe\/?page_id=115"},"modified":"2026-02-19T23:55:08","modified_gmt":"2026-02-19T23:55:08","slug":"inicio","status":"publish","type":"page","link":"https:\/\/iesppdelvallezanaoyotun.edu.pe\/","title":{"rendered":"INICIO"},"content":{"rendered":"\t\t<div data-elementor-type=\"wp-page\" data-elementor-id=\"115\" class=\"elementor elementor-115\" data-elementor-post-type=\"page\">\n\t\t\t\t\t\t<section class=\"elementor-section elementor-top-section elementor-element elementor-element-590f4da3 elementor-section-full_width elementor-section-height-default elementor-section-height-default\" data-id=\"590f4da3\" data-element_type=\"section\" data-e-type=\"section\">\n\t\t\t\t\t\t<div class=\"elementor-container elementor-column-gap-default\">\n\t\t\t\t\t<div class=\"elementor-column elementor-col-100 elementor-top-column elementor-element elementor-element-52752ed3\" data-id=\"52752ed3\" data-element_type=\"column\" data-e-type=\"column\" data-settings=\"{&quot;background_background&quot;:&quot;classic&quot;}\">\n\t\t\t<div class=\"elementor-widget-wrap elementor-element-populated\">\n\t\t\t\t\t\t<div class=\"elementor-element elementor-element-748971f3 elementor-widget__width-initial elementor-arrows-position-inside elementor-invisible elementor-widget elementor-widget-image-carousel\" data-id=\"748971f3\" data-element_type=\"widget\" data-e-type=\"widget\" data-settings=\"{&quot;slides_to_show&quot;:&quot;1&quot;,&quot;navigation&quot;:&quot;arrows&quot;,&quot;_animation&quot;:&quot;fadeIn&quot;,&quot;autoplay&quot;:&quot;yes&quot;,&quot;pause_on_hover&quot;:&quot;yes&quot;,&quot;pause_on_interaction&quot;:&quot;yes&quot;,&quot;autoplay_speed&quot;:5000,&quot;infinite&quot;:&quot;yes&quot;,&quot;effect&quot;:&quot;slide&quot;,&quot;speed&quot;:500}\" data-widget_type=\"image-carousel.default\">\n\t\t\t\t\t\t\t<div class=\"elementor-image-carousel-wrapper swiper\" role=\"region\" aria-roledescription=\"carousel\" aria-label=\"Carrusel de im\u00e1genes\" dir=\"ltr\">\n\t\t\t<div class=\"elementor-image-carousel swiper-wrapper swiper-image-stretch\" aria-live=\"off\">\n\t\t\t\t\t\t\t\t<div class=\"swiper-slide\" role=\"group\" aria-roledescription=\"slide\" aria-label=\"1 de 2\"><figure class=\"swiper-slide-inner\"><img decoding=\"async\" class=\"swiper-slide-image\" src=\"https:\/\/iesppdelvallezanaoyotun.edu.pe\/wp-content\/uploads\/2026\/02\/012.jpg\" alt=\"012\" \/><\/figure><\/div><div class=\"swiper-slide\" role=\"group\" aria-roledescription=\"slide\" aria-label=\"2 de 2\"><figure class=\"swiper-slide-inner\"><img decoding=\"async\" class=\"swiper-slide-image\" src=\"https:\/\/iesppdelvallezanaoyotun.edu.pe\/wp-content\/uploads\/2026\/02\/130.jpg\" alt=\"130\" \/><\/figure><\/div>\t\t\t<\/div>\n\t\t\t\t\t\t\t\t\t\t\t\t<div class=\"elementor-swiper-button elementor-swiper-button-prev\" role=\"button\" tabindex=\"0\">\n\t\t\t\t\t\t<svg aria-hidden=\"true\" class=\"e-font-icon-svg e-eicon-chevron-left\" viewBox=\"0 0 1000 1000\" xmlns=\"http:\/\/www.w3.org\/2000\/svg\"><path d=\"M646 125C629 125 613 133 604 142L308 442C296 454 292 471 292 487 292 504 296 521 308 533L604 854C617 867 629 875 646 875 663 875 679 871 692 858 704 846 713 829 713 812 713 796 708 779 692 767L438 487 692 225C700 217 708 204 708 187 708 171 704 154 692 142 675 129 663 125 646 125Z\"><\/path><\/svg>\t\t\t\t\t<\/div>\n\t\t\t\t\t<div class=\"elementor-swiper-button elementor-swiper-button-next\" role=\"button\" tabindex=\"0\">\n\t\t\t\t\t\t<svg aria-hidden=\"true\" class=\"e-font-icon-svg e-eicon-chevron-right\" viewBox=\"0 0 1000 1000\" xmlns=\"http:\/\/www.w3.org\/2000\/svg\"><path d=\"M696 533C708 521 713 504 713 487 713 471 708 454 696 446L400 146C388 133 375 125 354 125 338 125 325 129 313 142 300 154 292 171 292 187 292 204 296 221 308 233L563 492 304 771C292 783 288 800 288 817 288 833 296 850 308 863 321 871 338 875 354 875 371 875 388 867 400 854L696 533Z\"><\/path><\/svg>\t\t\t\t\t<\/div>\n\t\t\t\t\n\t\t\t\t\t\t\t\t\t<\/div>\n\t\t\t\t\t\t<\/div>\n\t\t\t\t\t<\/div>\n\t\t<\/div>\n\t\t\t\t\t<\/div>\n\t\t<\/section>\n\t\t<div class=\"elementor-element elementor-element-59a5f76 e-flex e-con-boxed e-con e-parent\" data-id=\"59a5f76\" data-element_type=\"container\" data-e-type=\"container\">\n\t\t\t\t\t<div class=\"e-con-inner\">\n\t\t<div class=\"elementor-element elementor-element-65b3e5a e-con-full e-flex elementor-invisible e-con e-child\" data-id=\"65b3e5a\" data-element_type=\"container\" data-e-type=\"container\" data-settings=\"{&quot;background_background&quot;:&quot;classic&quot;,&quot;animation&quot;:&quot;fadeInUp&quot;}\">\n\t\t\t\t<div class=\"elementor-element elementor-element-23172a1 elementor-widget elementor-widget-heading\" data-id=\"23172a1\" data-element_type=\"widget\" data-e-type=\"widget\" data-widget_type=\"heading.default\">\n\t\t\t\t\t<h1 class=\"elementor-heading-title elementor-size-default\">INSTITUTO DE EDUCACI\u00d3N SUPERIOR PEDAG\u00d3GICO PRIVADO \u201cDEL VALLE ZA\u00d1A\u201d<\/h1>\t\t\t\t<\/div>\n\t\t\t\t<div class=\"elementor-element elementor-element-bed5740 elementor-widget elementor-widget-text-editor\" data-id=\"bed5740\" data-element_type=\"widget\" data-e-type=\"widget\" data-widget_type=\"text-editor.default\">\n\t\t\t\t\t\t\t\t\t<p>El Instituto de Educaci\u00f3n Superior Pedag\u00f3gico Privado \u201cDel Valle Za\u00f1a\u201d, fue creado mediante Resoluci\u00f3n Ministerial, N\u00b0 130 \u201398- ED y Decreto Supremo N\u00b0. 050 \u201302- ED y adecuado mediante Resoluci\u00f3n Gerencial Regional 000484-2018. El Instituto se encuentra ubicado en el distrito de Oyot\u00fan, provincia Chiclayo Regi\u00f3n Lambayeque. Cuenta con las Especialidades de Educaci\u00f3n Inicial, Primaria y Educaci\u00f3n F\u00edsica. Siendo su Representante Legal el se\u00f1or Profesor ELMER CANCINO SANCHEZ y su Directora General Dra. EST\u00cdLITA YOLANDA VALLEJOS GUERRERO. Cuenta con una plana Docente de 17 profesores en las diferentes especialidades con amplia Trayectoria Educativa; formando a futuros docentes innovadores y creativos. Brindando una educaci\u00f3n de calidad y con valores.<br \/>Ofrecemos profesionales en Educaci\u00f3n para la regi\u00f3n Lambayeque y para nuestro Per\u00fa. El Instituto de Educaci\u00f3n Superior Pedag\u00f3gico Privado \u201cDel Valle Za\u00f1a\u201d, cuenta con una infraestructura propia y adecuada con una \u00c1rea de 13.000 m2, para una mejor ense\u00f1anza a los futuros forjadores de una sociedad sana y culta.<\/p>\t\t\t\t\t\t\t\t<\/div>\n\t\t<div class=\"elementor-element elementor-element-7ea32333 e-con-full e-flex e-con e-child\" data-id=\"7ea32333\" data-element_type=\"container\" data-e-type=\"container\">\n\t\t\t\t<div class=\"elementor-element elementor-element-83f3ea8 elementor-widget-tablet__width-initial elementor-widget-mobile__width-inherit elementor-widget__width-initial elementor-position-top elementor-widget elementor-widget-image-box\" data-id=\"83f3ea8\" data-element_type=\"widget\" data-e-type=\"widget\" data-widget_type=\"image-box.default\">\n\t\t\t\t\t<div class=\"elementor-image-box-wrapper\"><figure class=\"elementor-image-box-img\"><a href=\"https:\/\/library.elementor.com\/local-services-wireframe-1-flexbox\/services\/#service_1\" tabindex=\"-1\"><img fetchpriority=\"high\" decoding=\"async\" width=\"1280\" height=\"960\" src=\"https:\/\/iesppdelvallezanaoyotun.edu.pe\/wp-content\/uploads\/2026\/02\/docentes.jpeg\" class=\"elementor-animation-grow attachment-full size-full wp-image-1255\" alt=\"\" srcset=\"https:\/\/iesppdelvallezanaoyotun.edu.pe\/wp-content\/uploads\/2026\/02\/docentes.jpeg 1280w, https:\/\/iesppdelvallezanaoyotun.edu.pe\/wp-content\/uploads\/2026\/02\/docentes-300x225.jpeg 300w, https:\/\/iesppdelvallezanaoyotun.edu.pe\/wp-content\/uploads\/2026\/02\/docentes-1024x768.jpeg 1024w, https:\/\/iesppdelvallezanaoyotun.edu.pe\/wp-content\/uploads\/2026\/02\/docentes-768x576.jpeg 768w\" sizes=\"(max-width: 1280px) 100vw, 1280px\" \/><\/a><\/figure><div class=\"elementor-image-box-content\"><h4 class=\"elementor-image-box-title\"><a href=\"https:\/\/library.elementor.com\/local-services-wireframe-1-flexbox\/services\/#service_1\">DOCENTES CALIFICADOS<\/a><\/h4><\/div><\/div>\t\t\t\t<\/div>\n\t\t\t\t<div class=\"elementor-element elementor-element-5296b9d4 elementor-widget-tablet__width-initial elementor-widget-mobile__width-inherit elementor-widget__width-initial elementor-position-top elementor-widget elementor-widget-image-box\" data-id=\"5296b9d4\" data-element_type=\"widget\" data-e-type=\"widget\" data-widget_type=\"image-box.default\">\n\t\t\t\t\t<div class=\"elementor-image-box-wrapper\"><figure class=\"elementor-image-box-img\"><a href=\"https:\/\/library.elementor.com\/local-services-wireframe-1-flexbox\/services\/#service_2\" tabindex=\"-1\"><img decoding=\"async\" width=\"1600\" height=\"1200\" src=\"https:\/\/iesppdelvallezanaoyotun.edu.pe\/wp-content\/uploads\/2026\/02\/WhatsApp-Image-2026-02-16-at-2.58.26-PM.jpeg\" class=\"elementor-animation-grow attachment-full size-full wp-image-1029\" alt=\"\" srcset=\"https:\/\/iesppdelvallezanaoyotun.edu.pe\/wp-content\/uploads\/2026\/02\/WhatsApp-Image-2026-02-16-at-2.58.26-PM.jpeg 1600w, https:\/\/iesppdelvallezanaoyotun.edu.pe\/wp-content\/uploads\/2026\/02\/WhatsApp-Image-2026-02-16-at-2.58.26-PM-300x225.jpeg 300w, https:\/\/iesppdelvallezanaoyotun.edu.pe\/wp-content\/uploads\/2026\/02\/WhatsApp-Image-2026-02-16-at-2.58.26-PM-1024x768.jpeg 1024w, https:\/\/iesppdelvallezanaoyotun.edu.pe\/wp-content\/uploads\/2026\/02\/WhatsApp-Image-2026-02-16-at-2.58.26-PM-768x576.jpeg 768w, https:\/\/iesppdelvallezanaoyotun.edu.pe\/wp-content\/uploads\/2026\/02\/WhatsApp-Image-2026-02-16-at-2.58.26-PM-1536x1152.jpeg 1536w\" sizes=\"(max-width: 1600px) 100vw, 1600px\" \/><\/a><\/figure><div class=\"elementor-image-box-content\"><h4 class=\"elementor-image-box-title\"><a href=\"https:\/\/library.elementor.com\/local-services-wireframe-1-flexbox\/services\/#service_2\">EDUCACI\u00d3N INICIAL<\/a><\/h4><\/div><\/div>\t\t\t\t<\/div>\n\t\t\t\t<div class=\"elementor-element elementor-element-51ba376c elementor-widget-tablet__width-initial elementor-widget-mobile__width-inherit elementor-widget__width-initial elementor-position-top elementor-widget elementor-widget-image-box\" data-id=\"51ba376c\" data-element_type=\"widget\" data-e-type=\"widget\" data-widget_type=\"image-box.default\">\n\t\t\t\t\t<div class=\"elementor-image-box-wrapper\"><figure class=\"elementor-image-box-img\"><a href=\"https:\/\/library.elementor.com\/local-services-wireframe-1-flexbox\/services\/#service_3\" tabindex=\"-1\"><img decoding=\"async\" width=\"1080\" height=\"646\" src=\"https:\/\/iesppdelvallezanaoyotun.edu.pe\/wp-content\/uploads\/2026\/02\/WhatsApp-Image-2026-02-16-at-2.57.png\" class=\"elementor-animation-grow attachment-full size-full wp-image-1028\" alt=\"\" srcset=\"https:\/\/iesppdelvallezanaoyotun.edu.pe\/wp-content\/uploads\/2026\/02\/WhatsApp-Image-2026-02-16-at-2.57.png 1080w, https:\/\/iesppdelvallezanaoyotun.edu.pe\/wp-content\/uploads\/2026\/02\/WhatsApp-Image-2026-02-16-at-2.57-300x179.png 300w, https:\/\/iesppdelvallezanaoyotun.edu.pe\/wp-content\/uploads\/2026\/02\/WhatsApp-Image-2026-02-16-at-2.57-1024x613.png 1024w, https:\/\/iesppdelvallezanaoyotun.edu.pe\/wp-content\/uploads\/2026\/02\/WhatsApp-Image-2026-02-16-at-2.57-768x459.png 768w\" sizes=\"(max-width: 1080px) 100vw, 1080px\" \/><\/a><\/figure><div class=\"elementor-image-box-content\"><h4 class=\"elementor-image-box-title\"><a href=\"https:\/\/library.elementor.com\/local-services-wireframe-1-flexbox\/services\/#service_3\">EDUCACI\u00d3N F\u00cdSICA<\/a><\/h4><\/div><\/div>\t\t\t\t<\/div>\n\t\t\t\t<div class=\"elementor-element elementor-element-6876fde2 elementor-widget-tablet__width-initial elementor-widget-mobile__width-inherit elementor-widget__width-initial elementor-position-top elementor-widget elementor-widget-image-box\" data-id=\"6876fde2\" data-element_type=\"widget\" data-e-type=\"widget\" data-widget_type=\"image-box.default\">\n\t\t\t\t\t<div class=\"elementor-image-box-wrapper\"><figure class=\"elementor-image-box-img\"><a href=\"https:\/\/library.elementor.com\/local-services-wireframe-1-flexbox\/services\/#service_4\" tabindex=\"-1\"><img loading=\"lazy\" decoding=\"async\" width=\"570\" height=\"656\" src=\"https:\/\/iesppdelvallezanaoyotun.edu.pe\/wp-content\/uploads\/2026\/02\/enfermeriaaa-e1771535973880.jpeg\" class=\"elementor-animation-grow attachment-full size-full wp-image-1256\" alt=\"\" srcset=\"https:\/\/iesppdelvallezanaoyotun.edu.pe\/wp-content\/uploads\/2026\/02\/enfermeriaaa-e1771535973880.jpeg 570w, https:\/\/iesppdelvallezanaoyotun.edu.pe\/wp-content\/uploads\/2026\/02\/enfermeriaaa-e1771535973880-261x300.jpeg 261w\" sizes=\"(max-width: 570px) 100vw, 570px\" \/><\/a><\/figure><div class=\"elementor-image-box-content\"><h4 class=\"elementor-image-box-title\"><a href=\"https:\/\/library.elementor.com\/local-services-wireframe-1-flexbox\/services\/#service_4\">ENFERMER\u00cdA<\/a><\/h4><\/div><\/div>\t\t\t\t<\/div>\n\t\t\t\t<div class=\"elementor-element elementor-element-0d5ff92 elementor-widget-tablet__width-initial elementor-widget-mobile__width-inherit elementor-widget__width-initial elementor-position-top elementor-widget elementor-widget-image-box\" data-id=\"0d5ff92\" data-element_type=\"widget\" data-e-type=\"widget\" data-widget_type=\"image-box.default\">\n\t\t\t\t\t<div class=\"elementor-image-box-wrapper\"><figure class=\"elementor-image-box-img\"><a href=\"https:\/\/library.elementor.com\/local-services-wireframe-1-flexbox\/services\/#service_4\" tabindex=\"-1\"><img loading=\"lazy\" decoding=\"async\" width=\"1184\" height=\"1205\" src=\"https:\/\/iesppdelvallezanaoyotun.edu.pe\/wp-content\/uploads\/2026\/02\/WhatsApp-Image-2026-02-19-at-4.56.11-PM-e1771545299426.jpeg\" class=\"elementor-animation-grow attachment-full size-full wp-image-1297\" alt=\"\" srcset=\"https:\/\/iesppdelvallezanaoyotun.edu.pe\/wp-content\/uploads\/2026\/02\/WhatsApp-Image-2026-02-19-at-4.56.11-PM-e1771545299426.jpeg 1184w, https:\/\/iesppdelvallezanaoyotun.edu.pe\/wp-content\/uploads\/2026\/02\/WhatsApp-Image-2026-02-19-at-4.56.11-PM-e1771545299426-295x300.jpeg 295w, https:\/\/iesppdelvallezanaoyotun.edu.pe\/wp-content\/uploads\/2026\/02\/WhatsApp-Image-2026-02-19-at-4.56.11-PM-e1771545299426-1006x1024.jpeg 1006w, https:\/\/iesppdelvallezanaoyotun.edu.pe\/wp-content\/uploads\/2026\/02\/WhatsApp-Image-2026-02-19-at-4.56.11-PM-e1771545299426-768x782.jpeg 768w\" sizes=\"(max-width: 1184px) 100vw, 1184px\" \/><\/a><\/figure><div class=\"elementor-image-box-content\"><h4 class=\"elementor-image-box-title\"><a href=\"https:\/\/library.elementor.com\/local-services-wireframe-1-flexbox\/services\/#service_4\">EDUCACI\u00d3N PRIMARIA<\/a><\/h4><\/div><\/div>\t\t\t\t<\/div>\n\t\t\t\t<\/div>\n\t\t\t\t<\/div>\n\t\t\t\t\t<\/div>\n\t\t\t\t<\/div>\n\t\t\t\t<\/div>\n\t\t","protected":false},"excerpt":{"rendered":"<p>INSTITUTO DE EDUCACI\u00d3N SUPERIOR PEDAG\u00d3GICO PRIVADO \u201cDEL VALLE ZA\u00d1A\u201d El Instituto de Educaci\u00f3n Superior Pedag\u00f3gico Privado \u201cDel Valle Za\u00f1a\u201d, fue creado mediante Resoluci\u00f3n Ministerial, N\u00b0 130 \u201398- ED y Decreto Supremo N\u00b0. 050 \u201302- ED y adecuado mediante Resoluci\u00f3n Gerencial Regional 000484-2018. El Instituto se encuentra ubicado en el distrito de Oyot\u00fan, provincia Chiclayo Regi\u00f3n &hellip;<\/p>\n","protected":false},"author":1,"featured_media":0,"parent":0,"menu_order":0,"comment_status":"closed","ping_status":"closed","template":"","meta":{"footnotes":""},"class_list":["post-115","page","type-page","status-publish","hentry"],"_links":{"self":[{"href":"https:\/\/iesppdelvallezanaoyotun.edu.pe\/index.php?rest_route=\/wp\/v2\/pages\/115","targetHints":{"allow":["GET"]}}],"collection":[{"href":"https:\/\/iesppdelvallezanaoyotun.edu.pe\/index.php?rest_route=\/wp\/v2\/pages"}],"about":[{"href":"https:\/\/iesppdelvallezanaoyotun.edu.pe\/index.php?rest_route=\/wp\/v2\/types\/page"}],"author":[{"embeddable":true,"href":"https:\/\/iesppdelvallezanaoyotun.edu.pe\/index.php?rest_route=\/wp\/v2\/users\/1"}],"replies":[{"embeddable":true,"href":"https:\/\/iesppdelvallezanaoyotun.edu.pe\/index.php?rest_route=%2Fwp%2Fv2%2Fcomments&post=115"}],"version-history":[{"count":61,"href":"https:\/\/iesppdelvallezanaoyotun.edu.pe\/index.php?rest_route=\/wp\/v2\/pages\/115\/revisions"}],"predecessor-version":[{"id":1300,"href":"https:\/\/iesppdelvallezanaoyotun.edu.pe\/index.php?rest_route=\/wp\/v2\/pages\/115\/revisions\/1300"}],"wp:attachment":[{"href":"https:\/\/iesppdelvallezanaoyotun.edu.pe\/index.php?rest_route=%2Fwp%2Fv2%2Fmedia&parent=115"}],"curies":[{"name":"wp","href":"https:\/\/api.w.org\/{rel}","templated":true}]}}