{"id":1044,"date":"2026-02-18T05:20:36","date_gmt":"2026-02-18T05:20:36","guid":{"rendered":"https:\/\/iesppdelvallezanaoyotun.edu.pe\/?page_id=1044"},"modified":"2026-02-19T17:41:38","modified_gmt":"2026-02-19T17:41:38","slug":"mision-vision","status":"publish","type":"page","link":"https:\/\/iesppdelvallezanaoyotun.edu.pe\/?page_id=1044","title":{"rendered":"MISI\u00d3N Y VISI\u00d3N"},"content":{"rendered":"\t\t<div data-elementor-type=\"wp-page\" data-elementor-id=\"1044\" class=\"elementor elementor-1044\">\n\t\t\t\t\t\t<section class=\"elementor-section elementor-top-section elementor-element elementor-element-74ba5d8f elementor-section-full_width elementor-section-height-default elementor-section-height-default\" data-id=\"74ba5d8f\" data-element_type=\"section\" data-e-type=\"section\">\n\t\t\t\t\t\t<div class=\"elementor-container elementor-column-gap-default\">\n\t\t\t\t\t<div class=\"elementor-column elementor-col-100 elementor-top-column elementor-element elementor-element-46f5cb4e\" data-id=\"46f5cb4e\" data-element_type=\"column\" data-e-type=\"column\" data-settings=\"{&quot;background_background&quot;:&quot;classic&quot;}\">\n\t\t\t<div class=\"elementor-widget-wrap elementor-element-populated\">\n\t\t\t\t\t\t<div class=\"elementor-element elementor-element-29d2bc50 elementor-widget__width-initial elementor-arrows-position-inside elementor-invisible elementor-widget elementor-widget-image-carousel\" data-id=\"29d2bc50\" data-element_type=\"widget\" data-e-type=\"widget\" data-settings=\"{&quot;slides_to_show&quot;:&quot;1&quot;,&quot;navigation&quot;:&quot;arrows&quot;,&quot;_animation&quot;:&quot;fadeIn&quot;,&quot;autoplay&quot;:&quot;yes&quot;,&quot;pause_on_hover&quot;:&quot;yes&quot;,&quot;pause_on_interaction&quot;:&quot;yes&quot;,&quot;autoplay_speed&quot;:5000,&quot;infinite&quot;:&quot;yes&quot;,&quot;effect&quot;:&quot;slide&quot;,&quot;speed&quot;:500}\" data-widget_type=\"image-carousel.default\">\n\t\t\t\t\t\t\t<div class=\"elementor-image-carousel-wrapper swiper\" role=\"region\" aria-roledescription=\"carousel\" aria-label=\"Carrusel de im\u00e1genes\" dir=\"ltr\">\n\t\t\t<div class=\"elementor-image-carousel swiper-wrapper swiper-image-stretch\" aria-live=\"off\">\n\t\t\t\t\t\t\t\t<div class=\"swiper-slide\" role=\"group\" aria-roledescription=\"slide\" aria-label=\"1 de 2\"><figure class=\"swiper-slide-inner\"><img decoding=\"async\" class=\"swiper-slide-image\" src=\"https:\/\/iesppdelvallezanaoyotun.edu.pe\/wp-content\/uploads\/2026\/02\/012.jpg\" alt=\"012\" \/><\/figure><\/div><div class=\"swiper-slide\" role=\"group\" aria-roledescription=\"slide\" aria-label=\"2 de 2\"><figure class=\"swiper-slide-inner\"><img decoding=\"async\" class=\"swiper-slide-image\" src=\"https:\/\/iesppdelvallezanaoyotun.edu.pe\/wp-content\/uploads\/2026\/02\/130.jpg\" alt=\"130\" \/><\/figure><\/div>\t\t\t<\/div>\n\t\t\t\t\t\t\t\t\t\t\t\t<div class=\"elementor-swiper-button elementor-swiper-button-prev\" role=\"button\" tabindex=\"0\">\n\t\t\t\t\t\t<svg aria-hidden=\"true\" class=\"e-font-icon-svg e-eicon-chevron-left\" viewBox=\"0 0 1000 1000\" xmlns=\"http:\/\/www.w3.org\/2000\/svg\"><path d=\"M646 125C629 125 613 133 604 142L308 442C296 454 292 471 292 487 292 504 296 521 308 533L604 854C617 867 629 875 646 875 663 875 679 871 692 858 704 846 713 829 713 812 713 796 708 779 692 767L438 487 692 225C700 217 708 204 708 187 708 171 704 154 692 142 675 129 663 125 646 125Z\"><\/path><\/svg>\t\t\t\t\t<\/div>\n\t\t\t\t\t<div class=\"elementor-swiper-button elementor-swiper-button-next\" role=\"button\" tabindex=\"0\">\n\t\t\t\t\t\t<svg aria-hidden=\"true\" class=\"e-font-icon-svg e-eicon-chevron-right\" viewBox=\"0 0 1000 1000\" xmlns=\"http:\/\/www.w3.org\/2000\/svg\"><path d=\"M696 533C708 521 713 504 713 487 713 471 708 454 696 446L400 146C388 133 375 125 354 125 338 125 325 129 313 142 300 154 292 171 292 187 292 204 296 221 308 233L563 492 304 771C292 783 288 800 288 817 288 833 296 850 308 863 321 871 338 875 354 875 371 875 388 867 400 854L696 533Z\"><\/path><\/svg>\t\t\t\t\t<\/div>\n\t\t\t\t\n\t\t\t\t\t\t\t\t\t<\/div>\n\t\t\t\t\t\t<\/div>\n\t\t\t\t\t<\/div>\n\t\t<\/div>\n\t\t\t\t\t<\/div>\n\t\t<\/section>\n\t\t<div class=\"elementor-element elementor-element-4d46baa3 e-flex e-con-boxed e-con e-parent\" data-id=\"4d46baa3\" data-element_type=\"container\" data-e-type=\"container\" data-settings=\"{&quot;background_background&quot;:&quot;classic&quot;}\">\n\t\t\t\t\t<div class=\"e-con-inner\">\n\t\t<div class=\"elementor-element elementor-element-100d165b e-con-full e-flex e-con e-child\" data-id=\"100d165b\" data-element_type=\"container\" data-e-type=\"container\">\n\t\t\t\t<div class=\"elementor-element elementor-element-5554d4e1 animated-slow elementor-invisible elementor-widget elementor-widget-heading\" data-id=\"5554d4e1\" data-element_type=\"widget\" data-e-type=\"widget\" data-settings=\"{&quot;_animation&quot;:&quot;slideInUp&quot;}\" data-widget_type=\"heading.default\">\n\t\t\t\t\t<h2 class=\"elementor-heading-title elementor-size-default\">Misi\u00f3n<\/h2>\t\t\t\t<\/div>\n\t\t\t\t<div class=\"elementor-element elementor-element-13d332e4 elementor-widget elementor-widget-text-editor\" data-id=\"13d332e4\" data-element_type=\"widget\" data-e-type=\"widget\" data-widget_type=\"text-editor.default\">\n\t\t\t\t\t\t\t\t\t<h4>Somos una instituci\u00f3n que formamos profesionales en educaci\u00f3n para que se desempe\u00f1en como docentes de estudiantes de la educaci\u00f3n b\u00e1sica regular en los niveles de inicial, primaria y educaci\u00f3n f\u00edsica; que provienen de los distritos de la cuenca del Valle de Za\u00f1a. Brindamos una educaci\u00f3n de manera integral, en un enfoque por competencias socio constructivista, promoviendo la investigaci\u00f3n, la innovaci\u00f3n y el pensamiento cr\u00edtico; as\u00ed como la formaci\u00f3n en valores y la \u00e9tica profesional.<\/h4>\t\t\t\t\t\t\t\t<\/div>\n\t\t\t\t<\/div>\n\t\t\t\t<div class=\"elementor-element elementor-element-11de7818 elementor-widget elementor-widget-image\" data-id=\"11de7818\" data-element_type=\"widget\" data-e-type=\"widget\" data-widget_type=\"image.default\">\n\t\t\t\t\t\t\t\t\t\t\t\t\t\t\t<img fetchpriority=\"high\" decoding=\"async\" width=\"1024\" height=\"768\" src=\"https:\/\/iesppdelvallezanaoyotun.edu.pe\/wp-content\/uploads\/2026\/02\/571343394_2104181556781982_6216988861704993897_n-1024x768.jpg\" class=\"attachment-large size-large wp-image-1190\" alt=\"\" srcset=\"https:\/\/iesppdelvallezanaoyotun.edu.pe\/wp-content\/uploads\/2026\/02\/571343394_2104181556781982_6216988861704993897_n-1024x768.jpg 1024w, https:\/\/iesppdelvallezanaoyotun.edu.pe\/wp-content\/uploads\/2026\/02\/571343394_2104181556781982_6216988861704993897_n-300x225.jpg 300w, https:\/\/iesppdelvallezanaoyotun.edu.pe\/wp-content\/uploads\/2026\/02\/571343394_2104181556781982_6216988861704993897_n-768x576.jpg 768w, https:\/\/iesppdelvallezanaoyotun.edu.pe\/wp-content\/uploads\/2026\/02\/571343394_2104181556781982_6216988861704993897_n-1536x1152.jpg 1536w, https:\/\/iesppdelvallezanaoyotun.edu.pe\/wp-content\/uploads\/2026\/02\/571343394_2104181556781982_6216988861704993897_n.jpg 2048w\" sizes=\"(max-width: 1024px) 100vw, 1024px\" \/>\t\t\t\t\t\t\t\t\t\t\t\t\t\t\t<\/div>\n\t\t\t\t\t<\/div>\n\t\t\t\t<\/div>\n\t\t<div class=\"elementor-element elementor-element-2b33f50 e-flex e-con-boxed e-con e-parent\" data-id=\"2b33f50\" data-element_type=\"container\" data-e-type=\"container\" data-settings=\"{&quot;background_background&quot;:&quot;classic&quot;}\">\n\t\t\t\t\t<div class=\"e-con-inner\">\n\t\t<div class=\"elementor-element elementor-element-8cdb327 e-con-full e-flex e-con e-child\" data-id=\"8cdb327\" data-element_type=\"container\" data-e-type=\"container\">\n\t\t\t\t<div class=\"elementor-element elementor-element-a3ca598 animated-slow elementor-invisible elementor-widget elementor-widget-heading\" data-id=\"a3ca598\" data-element_type=\"widget\" data-e-type=\"widget\" data-settings=\"{&quot;_animation&quot;:&quot;slideInUp&quot;}\" data-widget_type=\"heading.default\">\n\t\t\t\t\t<h2 class=\"elementor-heading-title elementor-size-default\">Vis\u00f3n<\/h2>\t\t\t\t<\/div>\n\t\t\t\t<div class=\"elementor-element elementor-element-3561815 elementor-widget elementor-widget-text-editor\" data-id=\"3561815\" data-element_type=\"widget\" data-e-type=\"widget\" data-widget_type=\"text-editor.default\">\n\t\t\t\t\t\t\t\t\t<h4><strong>Al 2027<\/strong> somos una IE de educaci\u00f3n superior pedag\u00f3gica privada que tiene impacto educativo en la comunidad, porque brindamos un servicio educativo de calidad, donde se prioriza la investigaci\u00f3n e innovaci\u00f3n y la formaci\u00f3n continua de los docentes; as\u00ed como la interculturalidad, la \u00e9tica, el respeto y la responsabilidad; contribuyendo de esta manera al desarrollo de la localidad, provincia, regi\u00f3n y el pa\u00eds.<\/h4>\t\t\t\t\t\t\t\t<\/div>\n\t\t\t\t<\/div>\n\t\t\t\t<div class=\"elementor-element elementor-element-9226920 elementor-widget elementor-widget-image\" data-id=\"9226920\" data-element_type=\"widget\" data-e-type=\"widget\" data-widget_type=\"image.default\">\n\t\t\t\t\t\t\t\t\t\t\t\t\t\t\t<img decoding=\"async\" width=\"656\" height=\"436\" src=\"https:\/\/iesppdelvallezanaoyotun.edu.pe\/wp-content\/uploads\/2026\/02\/Screenshot_2.png\" class=\"attachment-large size-large wp-image-1192\" alt=\"\" srcset=\"https:\/\/iesppdelvallezanaoyotun.edu.pe\/wp-content\/uploads\/2026\/02\/Screenshot_2.png 656w, https:\/\/iesppdelvallezanaoyotun.edu.pe\/wp-content\/uploads\/2026\/02\/Screenshot_2-300x199.png 300w\" sizes=\"(max-width: 656px) 100vw, 656px\" \/>\t\t\t\t\t\t\t\t\t\t\t\t\t\t\t<\/div>\n\t\t\t\t\t<\/div>\n\t\t\t\t<\/div>\n\t\t\t\t<\/div>\n\t\t","protected":false},"excerpt":{"rendered":"<p>Misi\u00f3n Somos una instituci\u00f3n que formamos profesionales en educaci\u00f3n para que se desempe\u00f1en como docentes de estudiantes de la educaci\u00f3n b\u00e1sica regular en los niveles de inicial, primaria y educaci\u00f3n f\u00edsica; que provienen de los distritos de la cuenca del Valle de Za\u00f1a. Brindamos una educaci\u00f3n de manera integral, en un enfoque por competencias socio &hellip;<\/p>\n","protected":false},"author":1,"featured_media":0,"parent":0,"menu_order":0,"comment_status":"closed","ping_status":"closed","template":"","meta":{"footnotes":""},"class_list":["post-1044","page","type-page","status-publish","hentry"],"_links":{"self":[{"href":"https:\/\/iesppdelvallezanaoyotun.edu.pe\/index.php?rest_route=\/wp\/v2\/pages\/1044","targetHints":{"allow":["GET"]}}],"collection":[{"href":"https:\/\/iesppdelvallezanaoyotun.edu.pe\/index.php?rest_route=\/wp\/v2\/pages"}],"about":[{"href":"https:\/\/iesppdelvallezanaoyotun.edu.pe\/index.php?rest_route=\/wp\/v2\/types\/page"}],"author":[{"embeddable":true,"href":"https:\/\/iesppdelvallezanaoyotun.edu.pe\/index.php?rest_route=\/wp\/v2\/users\/1"}],"replies":[{"embeddable":true,"href":"https:\/\/iesppdelvallezanaoyotun.edu.pe\/index.php?rest_route=%2Fwp%2Fv2%2Fcomments&post=1044"}],"version-history":[{"count":11,"href":"https:\/\/iesppdelvallezanaoyotun.edu.pe\/index.php?rest_route=\/wp\/v2\/pages\/1044\/revisions"}],"predecessor-version":[{"id":1233,"href":"https:\/\/iesppdelvallezanaoyotun.edu.pe\/index.php?rest_route=\/wp\/v2\/pages\/1044\/revisions\/1233"}],"wp:attachment":[{"href":"https:\/\/iesppdelvallezanaoyotun.edu.pe\/index.php?rest_route=%2Fwp%2Fv2%2Fmedia&parent=1044"}],"curies":[{"name":"wp","href":"https:\/\/api.w.org\/{rel}","templated":true}]}}